{"id":2998,"date":"2026-04-21T09:54:43","date_gmt":"2026-04-21T07:54:43","guid":{"rendered":"https:\/\/www.km.uni-osnabrueck.de\/form\/?page_id=2998"},"modified":"2026-04-21T10:04:42","modified_gmt":"2026-04-21T08:04:42","slug":"anmeldung-promotionsfeier-2026","status":"publish","type":"page","link":"https:\/\/www.km.uni-osnabrueck.de\/form\/anmeldung-promotionsfeier-2026\/","title":{"rendered":"Anmeldung Promotionsfeier 2026"},"content":{"rendered":"\n<h2 class=\"wp-block-heading\">Anmeldung zur Promotionsfeier am Freitag, 3. Juli 2026<\/h2>\n\n\n\n<noscript>\n  <h2 class=\"red\" >Dieser Text erscheint, da in Ihrem Browser das Ausf\u00fchren von JavaScript nicht erlaubt ist. Damit das Formular korrekt ausgef\u00fcllt werden kann, muss in Ihrem Browser JavaScript f\u00fcr die Dom\u00e4ne uni-osnabrueck.de erlaubt sein.<\/h2>\n<p> <a href=\"https:\/\/www.km.uni-osnabrueck.de\/form\/javascript-aktivieren\/\"> Hier<\/a> k\u00f6nnen Sie nachlesen, wie Sie JavaScript in Ihrem Browser aktivieren<\/p> \n<\/noscript>\n\n\n\n<p>Liebe (angehende) Doktorinnen und Doktoren,<\/p>\n\n\n\n<p>Sie sind herzlich eingeladen zur Promotionsfeier am <strong>Freitag, 3. Juli 2026<\/strong>, <strong>um 11:00 Uhr in die Aula des Osnabr\u00fccker Schlosses<\/strong>. Im Rahmen der Veranstaltung m\u00f6chten wir alle Promovierten w\u00fcrdigen, die ihre Dissertation zwischen Juni 2025 und Juni 2026 abgeschlossen haben.<\/p>\n\n\n\n<p>Im Anschluss an ein kurzweiliges Programm in der Schlossaula folgt ein gemeinsamer Gang durch die Innenstadt bis zum Rathaus, wo Sie im Friedenssaal empfangen werden. Dort wollen wir bei k\u00fchlem Sekt und guten Gespr\u00e4chen den gl\u00fccklichen Moment mit Ihnen ausklingen lassen. Im Rahmen der Promotionsfeier werden Ihnen von der Hochschulleitung wie auch von der Stadt besondere Andenken \u00fcberreicht.<\/p>\n\n\n\n<p><strong>Wir bitten Sie um Anmeldung zur Promotionsfeier bis sp\u00e4testens 17. Juni.<\/strong> <br><br>Bei \u00c4nderungen oder Abmeldungen wenden Sie sich bitte an <a href=\"mailto:daniela.raeuwer@uni-osnabrueck.de\">Daniela R\u00e4uwer<\/a>.<\/p>\n\n\n\n<div class=\"wp-block-contact-form-7-contact-form-selector\">\n<div class=\"wpcf7 no-js\" id=\"wpcf7-f3013-o1\" lang=\"de-DE\" dir=\"ltr\" data-wpcf7-id=\"3013\">\n<div class=\"screen-reader-response\"><p role=\"status\" aria-live=\"polite\" aria-atomic=\"true\"><\/p> <ul><\/ul><\/div>\n<form action=\"\/form\/wp-json\/wp\/v2\/pages\/2998#wpcf7-f3013-o1\" method=\"post\" class=\"wpcf7-form init wpcf7-acceptance-as-validation\" aria-label=\"Kontaktformular\" novalidate=\"novalidate\" data-status=\"init\">\n<fieldset class=\"hidden-fields-container\"><input type=\"hidden\" name=\"_wpcf7\" value=\"3013\" \/><input type=\"hidden\" name=\"_wpcf7_version\" value=\"6.1.5\" \/><input type=\"hidden\" name=\"_wpcf7_locale\" value=\"de_DE\" \/><input type=\"hidden\" name=\"_wpcf7_unit_tag\" value=\"wpcf7-f3013-o1\" \/><input type=\"hidden\" name=\"_wpcf7_container_post\" value=\"0\" \/><input type=\"hidden\" name=\"_wpcf7_posted_data_hash\" value=\"\" \/><input type=\"hidden\" name=\"_wpcf7cf_hidden_group_fields\" value=\"[]\" \/><input type=\"hidden\" name=\"_wpcf7cf_hidden_groups\" value=\"[]\" \/><input type=\"hidden\" name=\"_wpcf7cf_visible_groups\" value=\"[]\" \/><input type=\"hidden\" name=\"_wpcf7cf_repeaters\" value=\"[]\" \/><input type=\"hidden\" name=\"_wpcf7cf_steps\" value=\"{}\" \/><input type=\"hidden\" name=\"_wpcf7cf_options\" value=\"{&quot;form_id&quot;:3013,&quot;conditions&quot;:[{&quot;then_field&quot;:&quot;group-teilnahme2&quot;,&quot;and_rules&quot;:[{&quot;if_field&quot;:&quot;teilnahme&quot;,&quot;operator&quot;:&quot;equals&quot;,&quot;if_value&quot;:&quot;Promovierte\\\/r&quot;},{&quot;if_field&quot;:&quot;teilnahme&quot;,&quot;operator&quot;:&quot;not equals&quot;,&quot;if_value&quot;:&quot;interessierte \\u00d6ffentlichkeit&quot;},{&quot;if_field&quot;:&quot;teilnahme&quot;,&quot;operator&quot;:&quot;not equals&quot;,&quot;if_value&quot;:&quot;Betreuer\\\/in&quot;}]}],&quot;settings&quot;:{&quot;animation&quot;:&quot;yes&quot;,&quot;animation_intime&quot;:200,&quot;animation_outtime&quot;:200,&quot;conditions_ui&quot;:&quot;normal&quot;,&quot;notice_dismissed&quot;:false}}\" \/>\n<\/fieldset>\n<h2>Teilnahme 2026\n<\/h2>\n<p>Ich bin <span class=\"wpcf7-form-control-wrap\" data-name=\"teilnahme\"><span class=\"wpcf7-form-control wpcf7-checkbox wpcf7-validates-as-required wpcf7-exclusive-checkbox class_teilnahme\" id=\"id_teilnahme\"><span class=\"wpcf7-list-item first\"><label><input type=\"checkbox\" name=\"teilnahme\" value=\"Promovierte\/r\" \/><span class=\"wpcf7-list-item-label\">Promovierte\/r<\/span><\/label><\/span><span class=\"wpcf7-list-item\"><label><input type=\"checkbox\" name=\"teilnahme\" value=\"Betreuer\/in\" \/><span class=\"wpcf7-list-item-label\">Betreuer\/in<\/span><\/label><\/span><span class=\"wpcf7-list-item last\"><label><input type=\"checkbox\" name=\"teilnahme\" value=\"interessierte \u00d6ffentlichkeit\" \/><span class=\"wpcf7-list-item-label\">interessierte \u00d6ffentlichkeit<\/span><\/label><\/span><\/span><\/span>\n<\/p>\n<p>und nehme mit insgesamt\n<\/p>\n<p><label><span class=\"wpcf7-form-control-wrap\" data-name=\"Teilnehmeranzahl\"><select class=\"wpcf7-form-control wpcf7-select wpcf7-validates-as-required\" aria-required=\"true\" aria-invalid=\"false\" name=\"Teilnehmeranzahl\"><option value=\"\">&#8211; Bitte ausw\u00e4hlen &#8211;<\/option><option value=\"1\">1<\/option><option value=\"2\">2<\/option><option value=\"3\">3<\/option><option value=\"4\">4<\/option><option value=\"5\">5<\/option><option value=\"6\">6<\/option><option value=\"7\">7<\/option><option value=\"8\">8<\/option><\/select><\/span><\/label>\n<\/p>\n<p>Person\/en teil.\n<\/p>\n<div data-id=\"group-teilnahme2\" data-orig_data_id=\"group-teilnahme2\" data-clear_on_hide class=\"\" data-class=\"wpcf7cf_group\">\n<hr \/>\n\t<h2>F\u00fcr die Promotionsfeier\n\t<\/h2>\n\t<p><label> <strong>Titel der Dissertation <abbr title=\"Pflichtfeld\">(*)<\/abbr><\/strong><br \/>\n<span class=\"wpcf7-form-control-wrap\" data-name=\"Dissertationstitel\"><input size=\"40\" maxlength=\"400\" class=\"wpcf7-form-control wpcf7-text wpcf7-validates-as-required\" aria-required=\"true\" aria-invalid=\"false\" value=\"\" type=\"text\" name=\"Dissertationstitel\" \/><\/span> <\/label>\n\t<\/p>\n<\/div>\n<hr \/>\n<h2> Pers\u00f6nliche Daten\n<\/h2>\n<p><label> <strong>Anrede <abbr title=\"Pflichtfeld\">(*)<\/abbr><\/strong><br \/>\n<span class=\"wpcf7-form-control-wrap\" data-name=\"Anrede\"><select class=\"wpcf7-form-control wpcf7-select wpcf7-validates-as-required\" aria-required=\"true\" aria-invalid=\"false\" name=\"Anrede\"><option value=\"\">&#8211; Bitte ausw\u00e4hlen &#8211;<\/option><option value=\"Frau\">Frau<\/option><option value=\"Herr\">Herr<\/option><option value=\"keine Anrede\">keine Anrede<\/option><\/select><\/span><\/label>\n<\/p>\n<p><label> <strong>Titel <\/strong><br \/>\n<span class=\"wpcf7-form-control-wrap\" data-name=\"Titel\"><input size=\"40\" maxlength=\"400\" class=\"wpcf7-form-control wpcf7-text\" aria-invalid=\"false\" value=\"\" type=\"text\" name=\"Titel\" \/><\/span> <\/label><br \/>\n<label> <strong>Vorname <abbr title=\"Pflichtfeld\">(*)<\/abbr><\/strong><br \/>\n<span class=\"wpcf7-form-control-wrap\" data-name=\"Vorname\"><input size=\"40\" maxlength=\"400\" class=\"wpcf7-form-control wpcf7-text wpcf7-validates-as-required\" aria-required=\"true\" aria-invalid=\"false\" value=\"\" type=\"text\" name=\"Vorname\" \/><\/span> <\/label>\n<\/p>\n<p><label> <strong>Nachname <abbr title=\"Pflichtfeld\">(*)<\/abbr><\/strong><br \/>\n<span class=\"wpcf7-form-control-wrap\" data-name=\"Nachname\"><input size=\"40\" maxlength=\"400\" class=\"wpcf7-form-control wpcf7-text wpcf7-validates-as-required\" aria-required=\"true\" aria-invalid=\"false\" value=\"\" type=\"text\" name=\"Nachname\" \/><\/span> <\/label>\n<\/p>\n<p><label> <strong>Stra\u00dfe \/ Hausnummer <abbr title=\"Pflichtfeld\">(*)<\/abbr><\/strong><br \/>\n<span class=\"wpcf7-form-control-wrap\" data-name=\"Strasse\"><input size=\"40\" maxlength=\"400\" class=\"wpcf7-form-control wpcf7-text wpcf7-validates-as-required\" aria-required=\"true\" aria-invalid=\"false\" value=\"\" type=\"text\" name=\"Strasse\" \/><\/span> <\/label>\n<\/p>\n<p><label> <strong>PLZ <abbr title=\"Pflichtfeld\">(*)<\/abbr><\/strong><br \/>\n<span class=\"wpcf7-form-control-wrap\" data-name=\"PLZ\"><input size=\"40\" maxlength=\"400\" class=\"wpcf7-form-control wpcf7-text wpcf7-validates-as-required\" aria-required=\"true\" aria-invalid=\"false\" value=\"\" type=\"text\" name=\"PLZ\" \/><\/span> <\/label>\n<\/p>\n<p><label> <strong>Ort <abbr title=\"Pflichtfeld\">(*)<\/abbr><\/strong><br \/>\n<span class=\"wpcf7-form-control-wrap\" data-name=\"Ort\"><input size=\"40\" maxlength=\"400\" class=\"wpcf7-form-control wpcf7-text wpcf7-validates-as-required\" aria-required=\"true\" aria-invalid=\"false\" value=\"\" type=\"text\" name=\"Ort\" \/><\/span> <\/label>\n<\/p>\n<p><label> <strong>Land <\/strong><br \/>\n<span class=\"wpcf7-form-control-wrap\" data-name=\"Land\"><input size=\"40\" maxlength=\"400\" class=\"wpcf7-form-control wpcf7-text\" aria-invalid=\"false\" value=\"\" type=\"text\" name=\"Land\" \/><\/span> <\/label>\n<\/p>\n<p><label> <strong>Matrikel-Nummer<\/strong><br \/>\n<span class=\"wpcf7-form-control-wrap\" data-name=\"MatrikelNr\"><input size=\"40\" maxlength=\"400\" class=\"wpcf7-form-control wpcf7-text\" aria-invalid=\"false\" value=\"\" type=\"text\" name=\"MatrikelNr\" \/><\/span> <\/label>\n<\/p>\n<p><label> <strong>E-Mail-Adresse <abbr title=\"Pflichtfeld\">(*)<\/abbr><\/strong><br \/>\n<span class=\"wpcf7-form-control-wrap\" data-name=\"your-email\"><input size=\"40\" maxlength=\"400\" class=\"wpcf7-form-control wpcf7-email wpcf7-validates-as-required wpcf7-text wpcf7-validates-as-email\" aria-required=\"true\" aria-invalid=\"false\" value=\"\" type=\"email\" name=\"your-email\" \/><\/span> <\/label>\n<\/p>\n<p><label> <strong>Telefon<\/strong><br \/>\n<span class=\"wpcf7-form-control-wrap\" data-name=\"tel-660\"><input size=\"40\" maxlength=\"400\" class=\"wpcf7-form-control wpcf7-tel wpcf7-text wpcf7-validates-as-tel tel\" id=\"tel660\" aria-invalid=\"false\" placeholder=\"+49 541 1234567\" value=\"\" type=\"tel\" name=\"tel-660\" \/><\/span><\/label>\n<\/p>\n<hr \/>\n<h2>Anmerkungen \/ Datenschutz\n<\/h2>\n<p><label> <strong>Fragen\/Anmerkungen<\/strong><br \/>\n<span class=\"wpcf7-form-control-wrap\" data-name=\"your-message\"><textarea cols=\"40\" rows=\"10\" maxlength=\"2000\" class=\"wpcf7-form-control wpcf7-textarea\" aria-invalid=\"false\" name=\"your-message\"><\/textarea><\/span> <\/label>\n<\/p>\n<p><strong>Einwilligungserkl\u00e4rung(*):<\/strong><br \/>\nIch stimme zu, dass im Rahmen der Veranstaltung mein Name ver\u00f6ffentlicht wird. Dar\u00fcberhinaus willige ich ein, dass bei der Veranstaltung Bild-, Film- und Tonaufzeichnungen gemacht werden und bin damit einverstanden, dass die Aufzeichnungen, die m\u00f6glicherweise auch mich\/uns zeigen, in TV, Internet und weiteren medialen Umsetzungen zur Veranstaltung genutzt werden.\n<\/p>\n<p>Die eingegebenen Daten werden im Rahmen der Anmeldung zur Veranstaltung maschinell gespeichert und verarbeitet. Sie werden nicht an Dritte weitergegeben. Nach Abschluss der Veranstaltung werden die Teilnehmerdaten sp\u00e4testens nach Ablauf von 12 Monaten vollst\u00e4ndig gel\u00f6scht. Es werden \u00fcber die zur Anmeldung notwendigen Daten hinaus keine statistischen Daten erfasst. Die <a href=\"https:\/\/www.uni-osnabrueck.de\/serviceseiten\/datenschutz.html\" target=\"_blank\" >Datenschutzerkl\u00e4rung<\/a> der Universit\u00e4t Osnabr\u00fcck habe ich zur Kenntnis genommen.<br \/>\n<span class=\"wpcf7-form-control-wrap\" data-name=\"Einverstaendnis\"><span class=\"wpcf7-form-control wpcf7-checkbox wpcf7-validates-as-required wpcf7-exclusive-checkbox\"><span class=\"wpcf7-list-item first last\"><label><input type=\"checkbox\" name=\"Einverstaendnis\" value=\"Ich stimme den Bedingungen zu\" \/><span class=\"wpcf7-list-item-label\">Ich stimme den Bedingungen zu<\/span><\/label><\/span><\/span><\/span>\n<\/p>\n<p><input class=\"wpcf7-form-control wpcf7-submit has-spinner\" type=\"submit\" value=\"Senden\" \/>\n<\/p><div class=\"wpcf7-response-output\" aria-hidden=\"true\"><\/div>\n<\/form>\n<\/div>\n<\/div>\n","protected":false},"excerpt":{"rendered":"<p>Anmeldung zur Promotionsfeier am Freitag, 3. Juli 2026 Dieser Text erscheint, da in Ihrem Browser das Ausf\u00fchren von JavaScript nicht erlaubt ist. Damit das Formular korrekt ausgef\u00fcllt werden kann, muss in Ihrem Browser JavaScript f\u00fcr die Dom\u00e4ne uni-osnabrueck.de erlaubt sein. Hier k\u00f6nnen Sie nachlesen, wie Sie JavaScript in Ihrem Browser aktivieren Liebe (angehende) Doktorinnen und [&hellip;]<\/p>\n","protected":false},"author":2,"featured_media":0,"parent":0,"menu_order":0,"comment_status":"closed","ping_status":"closed","template":"","meta":{"footnotes":""},"class_list":["post-2998","page","type-page","status-publish","hentry"],"_links":{"self":[{"href":"https:\/\/www.km.uni-osnabrueck.de\/form\/wp-json\/wp\/v2\/pages\/2998","targetHints":{"allow":["GET"]}}],"collection":[{"href":"https:\/\/www.km.uni-osnabrueck.de\/form\/wp-json\/wp\/v2\/pages"}],"about":[{"href":"https:\/\/www.km.uni-osnabrueck.de\/form\/wp-json\/wp\/v2\/types\/page"}],"author":[{"embeddable":true,"href":"https:\/\/www.km.uni-osnabrueck.de\/form\/wp-json\/wp\/v2\/users\/2"}],"replies":[{"embeddable":true,"href":"https:\/\/www.km.uni-osnabrueck.de\/form\/wp-json\/wp\/v2\/comments?post=2998"}],"version-history":[{"count":6,"href":"https:\/\/www.km.uni-osnabrueck.de\/form\/wp-json\/wp\/v2\/pages\/2998\/revisions"}],"predecessor-version":[{"id":3019,"href":"https:\/\/www.km.uni-osnabrueck.de\/form\/wp-json\/wp\/v2\/pages\/2998\/revisions\/3019"}],"wp:attachment":[{"href":"https:\/\/www.km.uni-osnabrueck.de\/form\/wp-json\/wp\/v2\/media?parent=2998"}],"curies":[{"name":"wp","href":"https:\/\/api.w.org\/{rel}","templated":true}]}}