{"id":2911,"date":"2026-03-09T10:55:59","date_gmt":"2026-03-09T09:55:59","guid":{"rendered":"https:\/\/www.km.uni-osnabrueck.de\/form\/?page_id=2911"},"modified":"2026-03-16T12:06:15","modified_gmt":"2026-03-16T11:06:15","slug":"fotoaktion-2026","status":"publish","type":"page","link":"https:\/\/www.km.uni-osnabrueck.de\/form\/fotoaktion-2026\/","title":{"rendered":"Jubil\u00e4ums-Fotoaktion 2026"},"content":{"rendered":"\n<h2 class=\"wp-block-heading\">Freundeskreis des Botanischen Gartens Jubil\u00e4ums-Fotoaktion 2026<\/h2>\n\n\n\n<p>Liebe Gartenfreunde,<br>der Freundeskreis des Botanischen Gartens sucht Ihre pers\u00f6nlichen Foto-Impressionen!<\/p>\n\n\n\n<p>Nehmen Sie teil, indem Sie uns Ihre sch\u00f6nsten Fotos von Eindr\u00fccken &amp; Momenten beim Besuch des Gartens einsenden.<\/p>\n\n\n\n<div class=\"wp-block-contact-form-7-contact-form-selector\">\n<div class=\"wpcf7 no-js\" id=\"wpcf7-f2908-o1\" lang=\"de-DE\" dir=\"ltr\" data-wpcf7-id=\"2908\">\n<div class=\"screen-reader-response\"><p role=\"status\" aria-live=\"polite\" aria-atomic=\"true\"><\/p> <ul><\/ul><\/div>\n<form action=\"\/form\/wp-json\/wp\/v2\/pages\/2911#wpcf7-f2908-o1\" method=\"post\" class=\"wpcf7-form init wpcf7-acceptance-as-validation\" aria-label=\"Kontaktformular\" enctype=\"multipart\/form-data\" novalidate=\"novalidate\" data-status=\"init\">\n<fieldset class=\"hidden-fields-container\"><input type=\"hidden\" name=\"_wpcf7\" value=\"2908\" \/><input type=\"hidden\" name=\"_wpcf7_version\" value=\"6.1.5\" \/><input type=\"hidden\" name=\"_wpcf7_locale\" value=\"de_DE\" \/><input type=\"hidden\" name=\"_wpcf7_unit_tag\" value=\"wpcf7-f2908-o1\" \/><input type=\"hidden\" name=\"_wpcf7_container_post\" value=\"0\" \/><input type=\"hidden\" name=\"_wpcf7_posted_data_hash\" value=\"\" \/><input type=\"hidden\" name=\"_wpcf7cf_hidden_group_fields\" value=\"[]\" \/><input type=\"hidden\" name=\"_wpcf7cf_hidden_groups\" value=\"[]\" \/><input type=\"hidden\" name=\"_wpcf7cf_visible_groups\" value=\"[]\" \/><input type=\"hidden\" name=\"_wpcf7cf_repeaters\" value=\"[]\" \/><input type=\"hidden\" name=\"_wpcf7cf_steps\" value=\"{}\" \/><input type=\"hidden\" name=\"_wpcf7cf_options\" value=\"{&quot;form_id&quot;:2908,&quot;conditions&quot;:[{&quot;then_field&quot;:&quot;GruppeBild2&quot;,&quot;and_rules&quot;:[{&quot;if_field&quot;:&quot;Bild2&quot;,&quot;operator&quot;:&quot;equals&quot;,&quot;if_value&quot;:&quot;Ja&quot;}]},{&quot;then_field&quot;:&quot;GruppeBild3&quot;,&quot;and_rules&quot;:[{&quot;if_field&quot;:&quot;Bild3&quot;,&quot;operator&quot;:&quot;equals&quot;,&quot;if_value&quot;:&quot;Ja&quot;}]}],&quot;settings&quot;:{&quot;animation&quot;:&quot;yes&quot;,&quot;animation_intime&quot;:200,&quot;animation_outtime&quot;:200,&quot;conditions_ui&quot;:&quot;normal&quot;,&quot;notice_dismissed&quot;:false}}\" \/>\n<\/fieldset>\n<p><label> <strong>Vorname <abbr title=\"Pflichtfeld\">(*)<\/abbr><\/strong><br \/>\n<span class=\"wpcf7-form-control-wrap\" data-name=\"Vorname\"><input size=\"40\" maxlength=\"400\" class=\"wpcf7-form-control wpcf7-text wpcf7-validates-as-required\" aria-required=\"true\" aria-invalid=\"false\" value=\"\" type=\"text\" name=\"Vorname\" \/><\/span> <\/label>\n<\/p>\n<p><label> <strong>Nachname <abbr title=\"Pflichtfeld\">(*)<\/abbr><\/strong><br \/>\n<span class=\"wpcf7-form-control-wrap\" data-name=\"Nachname\"><input size=\"40\" maxlength=\"400\" class=\"wpcf7-form-control wpcf7-text wpcf7-validates-as-required\" aria-required=\"true\" aria-invalid=\"false\" value=\"\" type=\"text\" name=\"Nachname\" \/><\/span> <\/label>\n<\/p>\n<p><label> <strong>E-Mail-Adresse <abbr title=\"Pflichtfeld\">(*)<\/abbr><\/strong><br \/>\n<span class=\"wpcf7-form-control-wrap\" data-name=\"your-email\"><input size=\"40\" maxlength=\"400\" class=\"wpcf7-form-control wpcf7-email wpcf7-validates-as-required wpcf7-text wpcf7-validates-as-email\" aria-required=\"true\" aria-invalid=\"false\" value=\"\" type=\"email\" name=\"your-email\" \/><\/span> <\/label>\n<\/p>\n<p><label> <strong>Bildupload <abbr title=\"Pflichtfeld\">(*)<\/abbr><\/strong><br \/>\n<span class=\"wpcf7-form-control-wrap\" data-name=\"BilderUpload1\"><input size=\"40\" class=\"wpcf7-form-control wpcf7-file wpcf7-validates-as-required\" accept=\"image\/*\" aria-required=\"true\" aria-invalid=\"false\" type=\"file\" name=\"BilderUpload1\" \/><\/span> <\/label>\n<\/p>\n<p><strong><label for=\"KommentarBild1\">Anmerkungen zum hochgeladenen Bild<\/label><\/strong>\n<\/p>\n<p><span class=\"wpcf7-form-control-wrap\" data-name=\"KommentarBild1\"><textarea cols=\"50\" rows=\"5\" maxlength=\"2000\" class=\"wpcf7-form-control wpcf7-textarea\" id=\"KommentarBild1\" aria-invalid=\"false\" name=\"KommentarBild1\"><\/textarea><\/span>\n<\/p>\n<p><strong>M\u00f6chten Sie ein weiteres Bild hochladen?<\/strong><span class=\"wpcf7-form-control-wrap\" data-name=\"Bild2\"><span class=\"wpcf7-form-control wpcf7-checkbox wpcf7-exclusive-checkbox\"><span class=\"wpcf7-list-item first\"><label><input type=\"checkbox\" name=\"Bild2\" value=\"Ja\" \/><span class=\"wpcf7-list-item-label\">Ja<\/span><\/label><\/span><span class=\"wpcf7-list-item last\"><label><input type=\"checkbox\" name=\"Bild2\" value=\"Nein\" \/><span class=\"wpcf7-list-item-label\">Nein<\/span><\/label><\/span><\/span><\/span><br \/>\n<span data-id=\"GruppeBild2\" data-orig_data_id=\"GruppeBild2\" data-clear_on_hide class=\"\" data-class=\"wpcf7cf_group\"><br \/>\n<span class=\"wpcf7-form-control-wrap\" data-name=\"BilderUpload2\"><input size=\"40\" class=\"wpcf7-form-control wpcf7-file wpcf7-validates-as-required\" accept=\"image\/*\" aria-required=\"true\" aria-invalid=\"false\" type=\"file\" name=\"BilderUpload2\" \/><\/span> <br \/>\n<strong><label for=\"KommentarBild2\">Anmerkungen zum hochgeladenen Bild<\/label><\/strong><br \/>\n<span class=\"wpcf7-form-control-wrap\" data-name=\"KommentarBild2\"><textarea cols=\"50\" rows=\"5\" maxlength=\"2000\" class=\"wpcf7-form-control wpcf7-textarea\" id=\"KommentarBild2\" aria-invalid=\"false\" name=\"KommentarBild2\"><\/textarea><\/span><br \/>\n<strong>M\u00f6chten Sie noch ein weiteres Bild hochladen?<\/strong><span class=\"wpcf7-form-control-wrap\" data-name=\"Bild3\"><span class=\"wpcf7-form-control wpcf7-checkbox wpcf7-exclusive-checkbox\"><span class=\"wpcf7-list-item first\"><label><input type=\"checkbox\" name=\"Bild3\" value=\"Ja\" \/><span class=\"wpcf7-list-item-label\">Ja<\/span><\/label><\/span><span class=\"wpcf7-list-item last\"><label><input type=\"checkbox\" name=\"Bild3\" value=\"Nein\" \/><span class=\"wpcf7-list-item-label\">Nein<\/span><\/label><\/span><\/span><\/span><br \/>\n<\/span>\n<\/p>\n<p><span data-id=\"GruppeBild3\" data-orig_data_id=\"GruppeBild3\" data-clear_on_hide class=\"\" data-class=\"wpcf7cf_group\"><br \/>\n<span class=\"wpcf7-form-control-wrap\" data-name=\"BilderUpload3\"><input size=\"40\" class=\"wpcf7-form-control wpcf7-file wpcf7-validates-as-required\" accept=\"image\/*\" aria-required=\"true\" aria-invalid=\"false\" type=\"file\" name=\"BilderUpload3\" \/><\/span> <br \/>\n<strong><label for=\"KommentarBild3\">Anmerkungen zum hochgeladenen Bild<\/label><\/strong><br \/>\n<span class=\"wpcf7-form-control-wrap\" data-name=\"KommentarBild3\"><textarea cols=\"50\" rows=\"5\" maxlength=\"2000\" class=\"wpcf7-form-control wpcf7-textarea\" id=\"KommentarBild3\" aria-invalid=\"false\" name=\"KommentarBild3\"><\/textarea><\/span><br \/>\n<\/span>\n<\/p>\n<hr \/>\n<h3>Einverst\u00e4ndniserkl\u00e4rung:\n<\/h3>\n<p><span class=\"wpcf7-form-control-wrap\" data-name=\"Einverstaendnis\"><span class=\"wpcf7-form-control wpcf7-acceptance\"><span class=\"wpcf7-list-item\"><label><input type=\"checkbox\" name=\"Einverstaendnis\" value=\"1\" aria-invalid=\"false\" \/><span class=\"wpcf7-list-item-label\">Der <a href=\"https:\/\/www.freundeskreis-bogos.de\/fileadmin\/user_upload\/Freundeskreis_Botanischer_Garten\/90_Downloads\/FK-Nutzungsvereinbarung_fuer_Fotografierende.pdf\">Nutzungsvereinbarung<\/a> f\u00fcr die eingereichten Fotoaufnahmen stimme ich zu. Die <a href=\"https:\/\/www.uni-osnabrueck.de\/serviceseiten\/datenschutz.html\" target=\"_blank\" >Datenschutzerkl\u00e4rung<\/a> der Universit\u00e4t Osnabr\u00fcck habe ich zur Kenntnis genommen.<\/span><\/label><\/span><\/span><\/span>\n<\/p>\n<div class=\"wpcf7-response-output\" aria-hidden=\"true\"><\/div>\n<p><input class=\"wpcf7-form-control wpcf7-submit has-spinner\" type=\"submit\" value=\"Senden\" \/>\n<\/p>\n<\/form>\n<\/div>\n<\/div>\n\n\n\n<p><\/p>\n","protected":false},"excerpt":{"rendered":"<p>Freundeskreis des Botanischen Gartens Jubil\u00e4ums-Fotoaktion 2026 Liebe Gartenfreunde,der Freundeskreis des Botanischen Gartens sucht Ihre pers\u00f6nlichen Foto-Impressionen! Nehmen Sie teil, indem Sie uns Ihre sch\u00f6nsten Fotos von Eindr\u00fccken &amp; Momenten beim Besuch des Gartens einsenden.<\/p>\n","protected":false},"author":2,"featured_media":0,"parent":0,"menu_order":0,"comment_status":"closed","ping_status":"closed","template":"","meta":{"footnotes":""},"class_list":["post-2911","page","type-page","status-publish","hentry"],"_links":{"self":[{"href":"https:\/\/www.km.uni-osnabrueck.de\/form\/wp-json\/wp\/v2\/pages\/2911","targetHints":{"allow":["GET"]}}],"collection":[{"href":"https:\/\/www.km.uni-osnabrueck.de\/form\/wp-json\/wp\/v2\/pages"}],"about":[{"href":"https:\/\/www.km.uni-osnabrueck.de\/form\/wp-json\/wp\/v2\/types\/page"}],"author":[{"embeddable":true,"href":"https:\/\/www.km.uni-osnabrueck.de\/form\/wp-json\/wp\/v2\/users\/2"}],"replies":[{"embeddable":true,"href":"https:\/\/www.km.uni-osnabrueck.de\/form\/wp-json\/wp\/v2\/comments?post=2911"}],"version-history":[{"count":5,"href":"https:\/\/www.km.uni-osnabrueck.de\/form\/wp-json\/wp\/v2\/pages\/2911\/revisions"}],"predecessor-version":[{"id":2929,"href":"https:\/\/www.km.uni-osnabrueck.de\/form\/wp-json\/wp\/v2\/pages\/2911\/revisions\/2929"}],"wp:attachment":[{"href":"https:\/\/www.km.uni-osnabrueck.de\/form\/wp-json\/wp\/v2\/media?parent=2911"}],"curies":[{"name":"wp","href":"https:\/\/api.w.org\/{rel}","templated":true}]}}