{"id":1985,"date":"2024-05-15T12:52:52","date_gmt":"2024-05-15T10:52:52","guid":{"rendered":"https:\/\/www.km.uni-osnabrueck.de\/form\/?page_id=1985"},"modified":"2024-10-06T11:17:56","modified_gmt":"2024-10-06T09:17:56","slug":"dialoginitiative-geschlechtergerechte-hochschulkultur","status":"publish","type":"page","link":"https:\/\/www.km.uni-osnabrueck.de\/form\/dialoginitiative-geschlechtergerechte-hochschulkultur\/","title":{"rendered":"Dialoginitiative \u201eGeschlechtergerechte Hochschulkultur\u201c"},"content":{"rendered":"\n<h2 class=\"wp-block-heading\">Dialoginitiative \u201eGeschlechtergerechte Hochschulkultur\u201c<strong> \u2013<\/strong> \u201e<strong>Intersektionale Gleichstellungsarbeit\u201c<\/strong><\/h2>\n\n\n\n<h4 class=\"wp-block-heading\">Anmeldung zu Veranstaltungen im Rahmen der 4. Runde der Dialoginitiative \u201eGeschlechtergerechte Hochschulkultur\u201c<\/h4>\n\n\n\n<p>Bitte f\u00fcllen Sie das Online-Formular mit Ihrer Anmeldung aus und senden dieses <strong>bis sp\u00e4testens vier Tage vor der Online-Veranstaltung<\/strong> ab.<\/p>\n\n\n\n<div class=\"wpcf7 no-js\" id=\"wpcf7-f1983-o1\" lang=\"de-DE\" dir=\"ltr\" data-wpcf7-id=\"1983\">\n<div class=\"screen-reader-response\"><p role=\"status\" aria-live=\"polite\" aria-atomic=\"true\"><\/p> <ul><\/ul><\/div>\n<form action=\"\/form\/wp-json\/wp\/v2\/pages\/1985#wpcf7-f1983-o1\" method=\"post\" class=\"wpcf7-form init wpcf7-acceptance-as-validation\" aria-label=\"Kontaktformular\" novalidate=\"novalidate\" data-status=\"init\">\n<fieldset class=\"hidden-fields-container\"><input type=\"hidden\" name=\"_wpcf7\" value=\"1983\" \/><input type=\"hidden\" name=\"_wpcf7_version\" value=\"6.1.5\" \/><input type=\"hidden\" name=\"_wpcf7_locale\" value=\"de_DE\" \/><input type=\"hidden\" name=\"_wpcf7_unit_tag\" value=\"wpcf7-f1983-o1\" \/><input type=\"hidden\" name=\"_wpcf7_container_post\" value=\"0\" \/><input type=\"hidden\" name=\"_wpcf7_posted_data_hash\" value=\"\" \/><input type=\"hidden\" name=\"_wpcf7cf_hidden_group_fields\" value=\"[]\" \/><input type=\"hidden\" name=\"_wpcf7cf_hidden_groups\" value=\"[]\" \/><input type=\"hidden\" name=\"_wpcf7cf_visible_groups\" value=\"[]\" \/><input type=\"hidden\" name=\"_wpcf7cf_repeaters\" value=\"[]\" \/><input type=\"hidden\" name=\"_wpcf7cf_steps\" value=\"{}\" \/><input type=\"hidden\" name=\"_wpcf7cf_options\" value=\"{&quot;form_id&quot;:1983,&quot;conditions&quot;:[],&quot;settings&quot;:{&quot;animation&quot;:&quot;yes&quot;,&quot;animation_intime&quot;:200,&quot;animation_outtime&quot;:200,&quot;conditions_ui&quot;:&quot;normal&quot;,&quot;notice_dismissed&quot;:false}}\" \/>\n<\/fieldset>\n<p><span data-id=\"dialog\" data-orig_data_id=\"dialog\" data-clear_on_hide class=\"\" data-class=\"wpcf7cf_group\"><span class=\"wpcf7-form-control-wrap\" data-name=\"evnt1\"><span class=\"wpcf7-form-control wpcf7-checkbox\"><\/span><\/span><span class=\"wpcf7-form-control-wrap\" data-name=\"evnt2\"><span class=\"wpcf7-form-control wpcf7-checkbox\"><\/span><\/span><span class=\"wpcf7-form-control-wrap\" data-name=\"evnt3\"><span class=\"wpcf7-form-control wpcf7-checkbox\"><\/span><\/span><span class=\"wpcf7-form-control-wrap\" data-name=\"evnt4\"><span class=\"wpcf7-form-control wpcf7-checkbox\"><\/span><\/span><span class=\"wpcf7-form-control-wrap\" data-name=\"evnt5\"><span class=\"wpcf7-form-control wpcf7-checkbox\"><\/span><\/span><\/span>\n<\/p>\n<h2>Ihre pers\u00f6nlichen Daten\n<\/h2>\n<p><label> <strong>Vorname <abbr title=\"Pflichtfeld\">(*)<\/abbr><\/strong><br \/>\n<span class=\"wpcf7-form-control-wrap\" data-name=\"Vorname\"><input size=\"40\" maxlength=\"400\" class=\"wpcf7-form-control wpcf7-text wpcf7-validates-as-required\" aria-required=\"true\" aria-invalid=\"false\" value=\"\" type=\"text\" name=\"Vorname\" \/><\/span> <\/label>\n<\/p>\n<p><label> <strong>Nachname <abbr title=\"Pflichtfeld\">(*)<\/abbr><\/strong><br \/>\n<span class=\"wpcf7-form-control-wrap\" data-name=\"Nachname\"><input size=\"40\" maxlength=\"400\" class=\"wpcf7-form-control wpcf7-text wpcf7-validates-as-required\" aria-required=\"true\" aria-invalid=\"false\" value=\"\" type=\"text\" name=\"Nachname\" \/><\/span> <\/label>\n<\/p>\n<p><label> <strong>Pronomen<\/strong><br \/>\n<span class=\"wpcf7-form-control-wrap\" data-name=\"Pronomen\"><input size=\"40\" maxlength=\"400\" class=\"wpcf7-form-control wpcf7-text\" aria-invalid=\"false\" value=\"\" type=\"text\" name=\"Pronomen\" \/><\/span> <\/label>\n<\/p>\n<p><label> <strong>Titel <\/strong><br \/>\n<span class=\"wpcf7-form-control-wrap\" data-name=\"Titel\"><input size=\"40\" maxlength=\"400\" class=\"wpcf7-form-control wpcf7-text\" aria-invalid=\"false\" value=\"\" type=\"text\" name=\"Titel\" \/><\/span> <\/label>\n<\/p>\n<p><label> <strong>Institution<\/strong><br \/>\n<span class=\"wpcf7-form-control-wrap\" data-name=\"Institution\"><input size=\"40\" maxlength=\"400\" class=\"wpcf7-form-control wpcf7-text\" aria-invalid=\"false\" value=\"\" type=\"text\" name=\"Institution\" \/><\/span> <\/label>\n<\/p>\n<p><label> <strong> Funktion<\/strong><br \/>\n<span class=\"wpcf7-form-control-wrap\" data-name=\"Funktion\"><input size=\"40\" maxlength=\"400\" class=\"wpcf7-form-control wpcf7-text\" aria-invalid=\"false\" value=\"\" type=\"text\" name=\"Funktion\" \/><\/span> <\/label>\n<\/p>\n<p><label> <strong>E-Mail-Adresse <abbr title=\"Pflichtfeld\">(*)<\/abbr><\/strong><br \/>\n<span class=\"wpcf7-form-control-wrap\" data-name=\"your-email\"><input size=\"40\" maxlength=\"400\" class=\"wpcf7-form-control wpcf7-email wpcf7-validates-as-required wpcf7-text wpcf7-validates-as-email\" aria-required=\"true\" aria-invalid=\"false\" value=\"\" type=\"email\" name=\"your-email\" \/><\/span> <\/label>\n<\/p>\n<hr \/>\n<h2>Ich m\u00f6chte mich zu folgender Online-Veranstaltung anmelden:\n<\/h2>\n<p style=\"background-color: #eeeeee;\" ><span class=\"wpcf7-form-control-wrap\" ><span class=\"wpcf7-form-control wpcf7-checkbox wpcf7-exclusive-checkbox\"><span class=\"wpcf7-list-item first last\"><span class=\"wpcf7-list-item-label\">\u201eDeutsche Sprache, schwere Sprache \u2013 Wie Sprache Barrieren aufrechterh\u00e4lt\u201c (14.11.2024, 10:30 \u2013 11:30) | Der Anmeldezeitraum ist beendet<\/span><\/span><\/span><\/span>\n<\/p>\n<p style=\"background-color: #eeeeee;\" ><span class=\"wpcf7-form-control-wrap\" ><span class=\"wpcf7-form-control wpcf7-checkbox wpcf7-exclusive-checkbox\"><span class=\"wpcf7-list-item first last\"><span class=\"wpcf7-list-item-label\">\u201eIntersektionalit\u00e4t in Studium und Lehre \u2013 Reflexionen und Impulse f\u00fcr eine diskriminierungskritische Hochschulkultur\u201c (06.11.2024, 10:30 \u2013 11:30) | Der Anmeldezeitraum ist beendet<\/span><\/span><\/span><\/span>\n<\/p>\n<p style=\"background-color: #eeeeee;\" ><span class=\"wpcf7-form-control-wrap\" ><span class=\"wpcf7-form-control wpcf7-checkbox wpcf7-exclusive-checkbox\"><span class=\"wpcf7-list-item first last\"><span class=\"wpcf7-list-item-label\">\u201eWer forscht? \u2013 Laufbahnen und ungleiche Chancen in der Wissenschaft\u201c (12.09.2024, 10:30 \u2013 11:30) | Der Anmeldezeitraum ist beendet<\/span><\/span><\/span><\/span>\n<\/p>\n<p style=\"background-color: #eeeeee;\" ><span class=\"wpcf7-form-control-wrap\" ><span class=\"wpcf7-form-control wpcf7-checkbox wpcf7-exclusive-checkbox\"><span class=\"wpcf7-list-item first last\"><span class=\"wpcf7-list-item-label\">\u201eUngleichheit an Hochschulen \u2013 Zustandsbeschreibung und Ursachenanalysen\u201c (29.08.2024, 10:30 \u2013 11:30) | Der Anmeldezeitraum ist beendet<\/span><\/span><\/span><\/span>\n<\/p>\n<p style=\"background-color: #eeeeee;\" ><span class=\"wpcf7-form-control-wrap\" ><span class=\"wpcf7-form-control wpcf7-checkbox wpcf7-exclusive-checkbox\"><span class=\"wpcf7-list-item first last\"><span class=\"wpcf7-list-item-label\">\u201eIntersektionalit\u00e4t \u2013 In Theorie und Praxis\u201c (14.08.2024, 10:30 \u2013 11:30) | Der Anmeldezeitraum ist beendet<\/span><\/span><\/span><\/span>\n<\/p>\n<p style=\"background-color: #eeeeee;\" ><span class=\"wpcf7-form-control-wrap\" ><span class=\"wpcf7-form-control wpcf7-checkbox wpcf7-exclusive-checkbox\"><span class=\"wpcf7-list-item first last\"><span class=\"wpcf7-list-item-label\">\u201eImplicit Bias \u2013 Zuschreibungen und Erwartungen\u201c (13.06.2024, 15:30 \u2013 16:30) | Der Anmeldezeitraum ist beendet<\/span><\/span><\/span><\/span>\n<\/p>\n<hr \/>\n<h3>Einverst\u00e4ndniserkl\u00e4rung:\n<\/h3>\n<p><span class=\"wpcf7-form-control-wrap\" data-name=\"Einverstaendnis\"><span class=\"wpcf7-form-control wpcf7-acceptance\"><span class=\"wpcf7-list-item\"><label><input type=\"checkbox\" name=\"Einverstaendnis\" value=\"1\" aria-invalid=\"false\" \/><span class=\"wpcf7-list-item-label\">Ich nehme zur Kenntnis, dass der Input-Vortrag aufgezeichnet und im Rahmen der Dialoginitiative ver\u00f6ffentlicht wird. Die \u00fcber das Anmeldeformular eingegebenen Daten werden im Rahmen der Anmeldung zur Veranstaltung maschinell gespeichert und verarbeitet. Sie werden nicht an Dritte weitergegeben. Nach Abschluss der Veranstaltung werden die erfassten Daten sp\u00e4testens nach Ablauf von 12 Monaten vollst\u00e4ndig gel\u00f6scht. Es werden \u00fcber die zur Anmeldung notwendigen Daten hinaus keine statistischen Daten erfasst. Die <a href=\"https:\/\/www.uni-osnabrueck.de\/serviceseiten\/datenschutz.html\" target=\"_blank\" >Datenschutzerkl\u00e4rung<\/a> der Universit\u00e4t Osnabr\u00fcck habe ich zur Kenntnis genommen.<\/span><\/label><\/span><\/span><\/span><br \/>\n<input type=\"hidden\" name=\"wpadcf7sl_remaining\" value=\"94\">\n<input type=\"hidden\" name=\"wpadcf7sl_after_submission\" value=\"reloadpage\">\n<input type=\"hidden\" name=\"wpadcf7sl_reload_delay\" value=\"5\">\n<input type=\"hidden\" name=\"wpadcf7sl_redirect_page\" value=\"\">\n<span class=\"wpcf7-form-control-wrap formid:1983\">\n\t\t\t\t<\/span>\n<br \/>\n<!--<input class=\"wpcf7-form-control wpcf7-submit has-spinner\" type=\"submit\" value=\"Senden\" \/>-->\n<\/p><div class=\"wpcf7-response-output\" aria-hidden=\"true\"><\/div>\n<\/form>\n<\/div>\n\n\n\n\n<p><\/p>\n","protected":false},"excerpt":{"rendered":"<p>Dialoginitiative \u201eGeschlechtergerechte Hochschulkultur\u201c \u2013 \u201eIntersektionale Gleichstellungsarbeit\u201c Anmeldung zu Veranstaltungen im Rahmen der 4. Runde der Dialoginitiative \u201eGeschlechtergerechte Hochschulkultur\u201c Bitte f\u00fcllen Sie das Online-Formular mit Ihrer Anmeldung aus und senden dieses bis sp\u00e4testens vier Tage vor der Online-Veranstaltung ab.<\/p>\n","protected":false},"author":2,"featured_media":0,"parent":0,"menu_order":0,"comment_status":"closed","ping_status":"closed","template":"","meta":{"footnotes":""},"class_list":["post-1985","page","type-page","status-publish","hentry"],"_links":{"self":[{"href":"https:\/\/www.km.uni-osnabrueck.de\/form\/wp-json\/wp\/v2\/pages\/1985","targetHints":{"allow":["GET"]}}],"collection":[{"href":"https:\/\/www.km.uni-osnabrueck.de\/form\/wp-json\/wp\/v2\/pages"}],"about":[{"href":"https:\/\/www.km.uni-osnabrueck.de\/form\/wp-json\/wp\/v2\/types\/page"}],"author":[{"embeddable":true,"href":"https:\/\/www.km.uni-osnabrueck.de\/form\/wp-json\/wp\/v2\/users\/2"}],"replies":[{"embeddable":true,"href":"https:\/\/www.km.uni-osnabrueck.de\/form\/wp-json\/wp\/v2\/comments?post=1985"}],"version-history":[{"count":14,"href":"https:\/\/www.km.uni-osnabrueck.de\/form\/wp-json\/wp\/v2\/pages\/1985\/revisions"}],"predecessor-version":[{"id":2238,"href":"https:\/\/www.km.uni-osnabrueck.de\/form\/wp-json\/wp\/v2\/pages\/1985\/revisions\/2238"}],"wp:attachment":[{"href":"https:\/\/www.km.uni-osnabrueck.de\/form\/wp-json\/wp\/v2\/media?parent=1985"}],"curies":[{"name":"wp","href":"https:\/\/api.w.org\/{rel}","templated":true}]}}